{"id":1399,"date":"2015-09-01T11:49:08","date_gmt":"2015-09-01T14:49:08","guid":{"rendered":"http:\/\/goodenergy.themerex.net\/?page_id=1399"},"modified":"2025-01-16T11:27:47","modified_gmt":"2025-01-16T14:27:47","slug":"fale-conosco","status":"publish","type":"page","link":"https:\/\/mestradosustentabilidade.usuarios.rdc.puc-rio.br\/en\/fale-conosco\/","title":{"rendered":"Contact us"},"content":{"rendered":"<section class=\"wpb-content-wrapper\"><p>[vc_row][vc_column][vc_empty_space height=&#8221;80px&#8221; el_class=&#8221;espaco-contato-01&#8243;][\/vc_column][\/vc_row][vc_row][vc_column][vc_empty_space height=&#8221;40px&#8221; el_class=&#8221;espaco-contato-02&#8243;][vc_column_text el_class=&#8221;texto-contato&#8221;]<\/p>\n<p style=\"text-align: center\">CONTACT US<\/p>\n<p style=\"text-align: center\">Phone: <strong>+55 0800 970 9556<\/strong><strong><br \/>\n<\/strong>Whatsapp: <strong>+55 21 97658 6094<\/strong><\/p>\n<p>[\/vc_column_text][vc_empty_space height=&#8221;20px&#8221; el_class=&#8221;espaco-contato-02&#8243;]<div class=\"sc_content content_wrap\" style=\"text-align: center;\"><a href=\"http:\/\/www.cce.puc-rio.br\/sitecce\/website\/website.dll\/fale_conosco?cOferec=13432&nInst=cce\" target=\"_blank\" class=\"sc_button sc_button_square sc_button_style_filled sc_button_bg_color_style_bg_style1 sc_button_size_small btn-csrio  sc_button_iconed none\">E-mail<\/a><\/div>[vc_empty_space height=&#8221;40px&#8221; el_class=&#8221;espaco-contato-02&#8243;][\/vc_column][\/vc_row][vc_row][vc_column][vc_empty_space height=&#8221;120px&#8221; el_class=&#8221;espaco-contato-03&#8243;][\/vc_column][\/vc_row]<\/p>\n<\/section>","protected":false},"excerpt":{"rendered":"<p>[vc_row][vc_column][vc_empty_space height=&#8221;80px&#8221; el_class=&#8221;espaco-contato-01&#8243;][\/vc_column][\/vc_row][vc_row][vc_column][vc_empty_space height=&#8221;40px&#8221; el_class=&#8221;espaco-contato-02&#8243;][vc_column_text el_class=&#8221;texto-contato&#8221;] CONTACT US Phone: +55 0800 970 9556 Whatsapp: +55 21 97658 6094 [\/vc_column_text][vc_empty_space height=&#8221;20px&#8221; el_class=&#8221;espaco-contato-02&#8243;][vc_empty_space height=&#8221;40px&#8221; el_class=&#8221;espaco-contato-02&#8243;][\/vc_column][\/vc_row][vc_row][vc_column][vc_empty_space height=&#8221;120px&#8221; el_class=&#8221;espaco-contato-03&#8243;][\/vc_column][\/vc_row]<\/p>\n","protected":false},"author":1,"featured_media":0,"parent":0,"menu_order":8,"comment_status":"open","ping_status":"closed","template":"","meta":[],"acf":[],"yoast_head":"<!-- This site is optimized with the Yoast SEO plugin v20.1 - https:\/\/yoast.com\/wordpress\/plugins\/seo\/ -->\n<title>Contact us - Mestrado Profissional em Ci\u00eancia da Sustentabilidade<\/title>\n<meta name=\"description\" content=\"ENTRE EM CONTATO Whatsapp: 21 984954461 CONTACT US Phone: +55 0800 970 9556 Whatsapp: +55 21 97658 6094 ENTRE EN CONTACTO Tel\u00e9fono: +55 0800 970 9556\" \/>\n<meta name=\"robots\" content=\"index, follow, max-snippet:-1, max-image-preview:large, max-video-preview:-1\" \/>\n<link rel=\"canonical\" href=\"https:\/\/mestradosustentabilidade.usuarios.rdc.puc-rio.br\/en\/fale-conosco\/\" \/>\n<meta property=\"og:locale\" content=\"en_US\" \/>\n<meta property=\"og:type\" content=\"article\" \/>\n<meta property=\"og:title\" content=\"Contact us - Mestrado Profissional em Ci\u00eancia da Sustentabilidade\" \/>\n<meta property=\"og:description\" content=\"ENTRE EM CONTATO Whatsapp: 21 984954461 CONTACT US Phone: +55 0800 970 9556 Whatsapp: +55 21 97658 6094 ENTRE EN CONTACTO Tel\u00e9fono: +55 0800 970 9556\" \/>\n<meta property=\"og:url\" content=\"https:\/\/mestradosustentabilidade.usuarios.rdc.puc-rio.br\/fale-conosco\/\" \/>\n<meta property=\"og:site_name\" content=\"Mestrado Profissional em Ci\u00eancia da Sustentabilidade\" \/>\n<meta property=\"article:modified_time\" content=\"2025-01-16T14:27:47+00:00\" \/>\n<meta property=\"og:image\" content=\"https:\/\/mestradosustentabilidade.usuarios.rdc.puc-rio.br\/wp-content\/uploads\/2024\/06\/MPCS_Logo-Completo-Azul-OG.jpg\" \/>\n\t<meta property=\"og:image:width\" content=\"1200\" \/>\n\t<meta property=\"og:image:height\" content=\"675\" \/>\n\t<meta property=\"og:image:type\" content=\"image\/jpeg\" \/>\n<meta name=\"twitter:card\" content=\"summary_large_image\" \/>\n<meta name=\"twitter:label1\" content=\"Est. reading time\" \/>\n\t<meta name=\"twitter:data1\" content=\"2 minutes\" \/>\n<script type=\"application\/ld+json\" class=\"yoast-schema-graph\">{\"@context\":\"https:\/\/schema.org\",\"@graph\":[{\"@type\":\"WebPage\",\"@id\":\"https:\/\/mestradosustentabilidade.usuarios.rdc.puc-rio.br\/fale-conosco\/\",\"url\":\"https:\/\/mestradosustentabilidade.usuarios.rdc.puc-rio.br\/fale-conosco\/\",\"name\":\"Contact us - Mestrado Profissional em Ci\u00eancia da Sustentabilidade\",\"isPartOf\":{\"@id\":\"https:\/\/mestradosustentabilidade.usuarios.rdc.puc-rio.br\/#website\"},\"datePublished\":\"2015-09-01T14:49:08+00:00\",\"dateModified\":\"2025-01-16T14:27:47+00:00\",\"description\":\"ENTRE EM CONTATO Whatsapp: 21 984954461 CONTACT US Phone: +55 0800 970 9556 Whatsapp: +55 21 97658 6094 ENTRE EN CONTACTO Tel\u00e9fono: +55 0800 970 9556\",\"breadcrumb\":{\"@id\":\"https:\/\/mestradosustentabilidade.usuarios.rdc.puc-rio.br\/fale-conosco\/#breadcrumb\"},\"inLanguage\":\"en-US\",\"potentialAction\":[{\"@type\":\"ReadAction\",\"target\":[\"https:\/\/mestradosustentabilidade.usuarios.rdc.puc-rio.br\/fale-conosco\/\"]}]},{\"@type\":\"BreadcrumbList\",\"@id\":\"https:\/\/mestradosustentabilidade.usuarios.rdc.puc-rio.br\/fale-conosco\/#breadcrumb\",\"itemListElement\":[{\"@type\":\"ListItem\",\"position\":1,\"name\":\"Home\",\"item\":\"https:\/\/mestradosustentabilidade.usuarios.rdc.puc-rio.br\/\"},{\"@type\":\"ListItem\",\"position\":2,\"name\":\"Fale Conosco\"}]},{\"@type\":\"WebSite\",\"@id\":\"https:\/\/mestradosustentabilidade.usuarios.rdc.puc-rio.br\/#website\",\"url\":\"https:\/\/mestradosustentabilidade.usuarios.rdc.puc-rio.br\/\",\"name\":\"Mestrado Profissional em Ci\u00eancia da Sustentabilidade\",\"description\":\"O Mestrado Profissional em Ci\u00eancia da Sustentabilidade \u00e9 o primeiro curso de p\u00f3s-gradua\u00e7\u00e3o do Brasil voltado para a Ci\u00eancias da Sustentabilidade\",\"publisher\":{\"@id\":\"https:\/\/mestradosustentabilidade.usuarios.rdc.puc-rio.br\/#organization\"},\"potentialAction\":[{\"@type\":\"SearchAction\",\"target\":{\"@type\":\"EntryPoint\",\"urlTemplate\":\"https:\/\/mestradosustentabilidade.usuarios.rdc.puc-rio.br\/?s={search_term_string}\"},\"query-input\":\"required name=search_term_string\"}],\"inLanguage\":\"en-US\"},{\"@type\":\"Organization\",\"@id\":\"https:\/\/mestradosustentabilidade.usuarios.rdc.puc-rio.br\/#organization\",\"name\":\"MPCS\",\"url\":\"https:\/\/mestradosustentabilidade.usuarios.rdc.puc-rio.br\/\",\"logo\":{\"@type\":\"ImageObject\",\"inLanguage\":\"en-US\",\"@id\":\"https:\/\/mestradosustentabilidade.usuarios.rdc.puc-rio.br\/#\/schema\/logo\/image\/\",\"url\":\"http:\/\/mestradosustentabilidade.usuarios.rdc.puc-rio.br\/wp-content\/uploads\/2024\/06\/favicon.jpg\",\"contentUrl\":\"http:\/\/mestradosustentabilidade.usuarios.rdc.puc-rio.br\/wp-content\/uploads\/2024\/06\/favicon.jpg\",\"width\":512,\"height\":512,\"caption\":\"MPCS\"},\"image\":{\"@id\":\"https:\/\/mestradosustentabilidade.usuarios.rdc.puc-rio.br\/#\/schema\/logo\/image\/\"}}]}<\/script>\n<!-- \/ Yoast SEO plugin. -->","yoast_head_json":{"title":"Contact us - Mestrado Profissional em Ci\u00eancia da Sustentabilidade","description":"ENTRE EM CONTATO Whatsapp: 21 984954461 CONTACT US Phone: +55 0800 970 9556 Whatsapp: +55 21 97658 6094 ENTRE EN CONTACTO Tel\u00e9fono: +55 0800 970 9556","robots":{"index":"index","follow":"follow","max-snippet":"max-snippet:-1","max-image-preview":"max-image-preview:large","max-video-preview":"max-video-preview:-1"},"canonical":"https:\/\/mestradosustentabilidade.usuarios.rdc.puc-rio.br\/en\/fale-conosco\/","og_locale":"en_US","og_type":"article","og_title":"Contact us - Mestrado Profissional em Ci\u00eancia da Sustentabilidade","og_description":"ENTRE EM CONTATO Whatsapp: 21 984954461 CONTACT US Phone: +55 0800 970 9556 Whatsapp: +55 21 97658 6094 ENTRE EN CONTACTO Tel\u00e9fono: +55 0800 970 9556","og_url":"https:\/\/mestradosustentabilidade.usuarios.rdc.puc-rio.br\/fale-conosco\/","og_site_name":"Mestrado Profissional em Ci\u00eancia da Sustentabilidade","article_modified_time":"2025-01-16T14:27:47+00:00","og_image":[{"width":1200,"height":675,"url":"https:\/\/mestradosustentabilidade.usuarios.rdc.puc-rio.br\/wp-content\/uploads\/2024\/06\/MPCS_Logo-Completo-Azul-OG.jpg","type":"image\/jpeg"}],"twitter_card":"summary_large_image","twitter_misc":{"Est. reading time":"2 minutes"},"schema":{"@context":"https:\/\/schema.org","@graph":[{"@type":"WebPage","@id":"https:\/\/mestradosustentabilidade.usuarios.rdc.puc-rio.br\/fale-conosco\/","url":"https:\/\/mestradosustentabilidade.usuarios.rdc.puc-rio.br\/fale-conosco\/","name":"Contact us - Mestrado Profissional em Ci\u00eancia da Sustentabilidade","isPartOf":{"@id":"https:\/\/mestradosustentabilidade.usuarios.rdc.puc-rio.br\/#website"},"datePublished":"2015-09-01T14:49:08+00:00","dateModified":"2025-01-16T14:27:47+00:00","description":"ENTRE EM CONTATO Whatsapp: 21 984954461 CONTACT US Phone: +55 0800 970 9556 Whatsapp: +55 21 97658 6094 ENTRE EN CONTACTO Tel\u00e9fono: +55 0800 970 9556","breadcrumb":{"@id":"https:\/\/mestradosustentabilidade.usuarios.rdc.puc-rio.br\/fale-conosco\/#breadcrumb"},"inLanguage":"en-US","potentialAction":[{"@type":"ReadAction","target":["https:\/\/mestradosustentabilidade.usuarios.rdc.puc-rio.br\/fale-conosco\/"]}]},{"@type":"BreadcrumbList","@id":"https:\/\/mestradosustentabilidade.usuarios.rdc.puc-rio.br\/fale-conosco\/#breadcrumb","itemListElement":[{"@type":"ListItem","position":1,"name":"Home","item":"https:\/\/mestradosustentabilidade.usuarios.rdc.puc-rio.br\/"},{"@type":"ListItem","position":2,"name":"Fale Conosco"}]},{"@type":"WebSite","@id":"https:\/\/mestradosustentabilidade.usuarios.rdc.puc-rio.br\/#website","url":"https:\/\/mestradosustentabilidade.usuarios.rdc.puc-rio.br\/","name":"Mestrado Profissional em Ci\u00eancia da Sustentabilidade","description":"O Mestrado Profissional em Ci\u00eancia da Sustentabilidade \u00e9 o primeiro curso de p\u00f3s-gradua\u00e7\u00e3o do Brasil voltado para a Ci\u00eancias da Sustentabilidade","publisher":{"@id":"https:\/\/mestradosustentabilidade.usuarios.rdc.puc-rio.br\/#organization"},"potentialAction":[{"@type":"SearchAction","target":{"@type":"EntryPoint","urlTemplate":"https:\/\/mestradosustentabilidade.usuarios.rdc.puc-rio.br\/?s={search_term_string}"},"query-input":"required name=search_term_string"}],"inLanguage":"en-US"},{"@type":"Organization","@id":"https:\/\/mestradosustentabilidade.usuarios.rdc.puc-rio.br\/#organization","name":"MPCS","url":"https:\/\/mestradosustentabilidade.usuarios.rdc.puc-rio.br\/","logo":{"@type":"ImageObject","inLanguage":"en-US","@id":"https:\/\/mestradosustentabilidade.usuarios.rdc.puc-rio.br\/#\/schema\/logo\/image\/","url":"http:\/\/mestradosustentabilidade.usuarios.rdc.puc-rio.br\/wp-content\/uploads\/2024\/06\/favicon.jpg","contentUrl":"http:\/\/mestradosustentabilidade.usuarios.rdc.puc-rio.br\/wp-content\/uploads\/2024\/06\/favicon.jpg","width":512,"height":512,"caption":"MPCS"},"image":{"@id":"https:\/\/mestradosustentabilidade.usuarios.rdc.puc-rio.br\/#\/schema\/logo\/image\/"}}]}},"_links":{"self":[{"href":"https:\/\/mestradosustentabilidade.usuarios.rdc.puc-rio.br\/en\/wp-json\/wp\/v2\/pages\/1399"}],"collection":[{"href":"https:\/\/mestradosustentabilidade.usuarios.rdc.puc-rio.br\/en\/wp-json\/wp\/v2\/pages"}],"about":[{"href":"https:\/\/mestradosustentabilidade.usuarios.rdc.puc-rio.br\/en\/wp-json\/wp\/v2\/types\/page"}],"author":[{"embeddable":true,"href":"https:\/\/mestradosustentabilidade.usuarios.rdc.puc-rio.br\/en\/wp-json\/wp\/v2\/users\/1"}],"replies":[{"embeddable":true,"href":"https:\/\/mestradosustentabilidade.usuarios.rdc.puc-rio.br\/en\/wp-json\/wp\/v2\/comments?post=1399"}],"version-history":[{"count":8,"href":"https:\/\/mestradosustentabilidade.usuarios.rdc.puc-rio.br\/en\/wp-json\/wp\/v2\/pages\/1399\/revisions"}],"predecessor-version":[{"id":5189,"href":"https:\/\/mestradosustentabilidade.usuarios.rdc.puc-rio.br\/en\/wp-json\/wp\/v2\/pages\/1399\/revisions\/5189"}],"wp:attachment":[{"href":"https:\/\/mestradosustentabilidade.usuarios.rdc.puc-rio.br\/en\/wp-json\/wp\/v2\/media?parent=1399"}],"curies":[{"name":"wp","href":"https:\/\/api.w.org\/{rel}","templated":true}]}}